{"id":5418,"date":"2024-07-22T09:46:52","date_gmt":"2024-07-22T09:46:52","guid":{"rendered":"https:\/\/evmap.fr\/frequently-asked-questions\/"},"modified":"2024-08-29T13:28:00","modified_gmt":"2024-08-29T13:28:00","slug":"frequently-asked-questions","status":"publish","type":"page","link":"https:\/\/evmap.fr\/en\/frequently-asked-questions\/","title":{"rendered":"Frequently asked questions"},"content":{"rendered":"\t\t<div data-elementor-type=\"wp-page\" data-elementor-id=\"5418\" class=\"elementor elementor-5418 elementor-3609\" data-elementor-post-type=\"page\">\n\t\t\t\t\t\t<section class=\"elementor-section elementor-top-section elementor-element elementor-element-747e8ab elementor-section-height-min-height elementor-section-boxed elementor-section-height-default elementor-section-items-middle\" data-id=\"747e8ab\" data-element_type=\"section\" data-e-type=\"section\" data-settings=\"{&quot;background_background&quot;:&quot;gradient&quot;}\">\n\t\t\t\t\t\t\t<div class=\"elementor-background-overlay\"><\/div>\n\t\t\t\t\t\t\t<div class=\"elementor-container elementor-column-gap-no\">\n\t\t\t\t\t<div class=\"elementor-column elementor-col-100 elementor-top-column elementor-element elementor-element-f5e65f5\" data-id=\"f5e65f5\" data-element_type=\"column\" data-e-type=\"column\">\n\t\t\t<div class=\"elementor-widget-wrap elementor-element-populated\">\n\t\t\t\t\t\t<div class=\"elementor-element elementor-element-1c907c6 elementor-widget elementor-widget-heading\" data-id=\"1c907c6\" data-element_type=\"widget\" data-e-type=\"widget\" data-widget_type=\"heading.default\">\n\t\t\t\t<div class=\"elementor-widget-container\">\n\t\t\t\t\t<h1 class=\"elementor-heading-title elementor-size-default\">Frequently asked questions<\/h1>\t\t\t\t<\/div>\n\t\t\t\t<\/div>\n\t\t\t\t\t<\/div>\n\t\t<\/div>\n\t\t\t\t\t<\/div>\n\t\t<\/section>\n\t\t<div class=\"elementor-element elementor-element-673aa0c e-flex e-con-boxed e-con e-parent\" data-id=\"673aa0c\" data-element_type=\"container\" data-e-type=\"container\">\n\t\t\t\t\t<div class=\"e-con-inner\">\n\t\t\t\t<div class=\"elementor-element elementor-element-b475264 elementor-widget elementor-widget-helpie-faq\" data-id=\"b475264\" data-element_type=\"widget\" data-e-type=\"widget\" data-widget_type=\"helpie-faq.default\">\n\t\t\t\t<div class=\"elementor-widget-container\">\n\t\t\t\t\t<section id='' \n                class='helpie-faq accordions faq-toggle custom-styles open-first' \n                data-collection='' \n                data-pagination='0' \n                data-search='0' \n                data-pagination-enabled='0'\n                role='region'\n                aria-label='FAQ Section'\n                aria-live='polite'><h3 class=\"collection-title\">Foire aux questions<\/h3><form class=\"search\" onSubmit=\"return false;\"><div class=\"search__wrapper\"><input type=\"text\" class=\"search__input\" aria-label=\"Search\" role=\"searchbox\" placeholder=\"Rechercher dans la FAQ\"><span class=\"search__icon\"><svg class=\"svg-icon--search\" role=\"img\" xmlns=\"http:\/\/www.w3.org\/2000\/svg\" viewBox=\"0 0 22 22\">\r\n                        <g fill=\"none\" stroke=\"#171717\">\r\n                            <path stroke-linecap=\"square\" stroke-width=\"2\" d=\"M18.5 18.3l-5.4-5.4\"\/>\r\n                            <circle cx=\"8\" cy=\"8\" r=\"7\" stroke-width=\"2\"\/>\r\n                        <\/g>\r\n                    <\/svg><\/span><\/div><div class=\"search__message\"><\/div><\/form><article class=\"accordion \"><div class='helpie-faq-row'><div class='helpie-faq-col helpie-faq-col-12' ><ul><\/ul><\/div><\/div><\/article><\/section>\t\t\t\t<\/div>\n\t\t\t\t<\/div>\n\t\t\t\t\t<\/div>\n\t\t\t\t<\/div>\n\t\t\t\t<\/div>\n\t\t","protected":false},"excerpt":{"rendered":"<p>Frequently asked questions Foire aux questions Application Comment t\u00e9l\u00e9charger et installer l&#8217;application EV MAP ?T\u00e9l\u00e9chargez l&#8217;application depuis l&#8217;App Store ou Google Play en recherchant &#8220;EV MAP&#8221;. Puis-je surveiller l&#8217;\u00e9tat de ma borne de recharge \u00e0 distance ?Oui, l&#8217;application vous permet de surveiller en temps r\u00e9el l&#8217;\u00e9tat de votre borne de recharge, de consulter les historiques [&hellip;]<\/p>\n","protected":false},"author":1,"featured_media":0,"parent":0,"menu_order":0,"comment_status":"closed","ping_status":"closed","template":"","meta":{"footnotes":""},"class_list":["post-5418","page","type-page","status-publish","hentry"],"yoast_head":"<!-- This site is optimized with the Yoast SEO plugin v27.1.1 - https:\/\/yoast.com\/product\/yoast-seo-wordpress\/ -->\n<title>Frequently asked questions - EVMAP<\/title>\n<meta name=\"robots\" content=\"index, follow, max-snippet:-1, max-image-preview:large, max-video-preview:-1\" \/>\n<link rel=\"canonical\" href=\"https:\/\/evmap.fr\/en\/frequently-asked-questions\/\" \/>\n<meta property=\"og:locale\" content=\"en_US\" \/>\n<meta property=\"og:type\" content=\"article\" \/>\n<meta property=\"og:title\" content=\"Frequently asked questions - EVMAP\" \/>\n<meta property=\"og:description\" content=\"Frequently asked questions Foire aux questions Application Comment t\u00e9l\u00e9charger et installer l&#8217;application EV MAP ?T\u00e9l\u00e9chargez l&#8217;application depuis l&#8217;App Store ou Google Play en recherchant &#8220;EV MAP&#8221;. Puis-je surveiller l&#8217;\u00e9tat de ma borne de recharge \u00e0 distance ?Oui, l&#8217;application vous permet de surveiller en temps r\u00e9el l&#8217;\u00e9tat de votre borne de recharge, de consulter les historiques [&hellip;]\" \/>\n<meta property=\"og:url\" content=\"https:\/\/evmap.fr\/en\/frequently-asked-questions\/\" \/>\n<meta property=\"og:site_name\" content=\"EVMAP\" \/>\n<meta property=\"article:publisher\" content=\"https:\/\/www.linkedin.com\/company\/100373353\/admin\/dashboard\/\" \/>\n<meta property=\"article:modified_time\" content=\"2024-08-29T13:28:00+00:00\" \/>\n<meta name=\"twitter:card\" content=\"summary_large_image\" \/>\n<meta name=\"twitter:label1\" content=\"Est. reading time\" \/>\n\t<meta name=\"twitter:data1\" content=\"7 minutes\" \/>\n<script type=\"application\/ld+json\" class=\"yoast-schema-graph\">{\"@context\":\"https:\/\/schema.org\",\"@graph\":[{\"@type\":\"WebPage\",\"@id\":\"https:\/\/evmap.fr\/en\/frequently-asked-questions\/\",\"url\":\"https:\/\/evmap.fr\/en\/frequently-asked-questions\/\",\"name\":\"Frequently asked questions - EVMAP\",\"isPartOf\":{\"@id\":\"https:\/\/evmap.fr\/en\/#website\"},\"datePublished\":\"2024-07-22T09:46:52+00:00\",\"dateModified\":\"2024-08-29T13:28:00+00:00\",\"breadcrumb\":{\"@id\":\"https:\/\/evmap.fr\/en\/frequently-asked-questions\/#breadcrumb\"},\"inLanguage\":\"en-US\",\"potentialAction\":[{\"@type\":\"ReadAction\",\"target\":[\"https:\/\/evmap.fr\/en\/frequently-asked-questions\/\"]}]},{\"@type\":\"BreadcrumbList\",\"@id\":\"https:\/\/evmap.fr\/en\/frequently-asked-questions\/#breadcrumb\",\"itemListElement\":[{\"@type\":\"ListItem\",\"position\":1,\"name\":\"Accueil\",\"item\":\"https:\/\/evmap.fr\/en\/\"},{\"@type\":\"ListItem\",\"position\":2,\"name\":\"Frequently asked questions\"}]},{\"@type\":\"WebSite\",\"@id\":\"https:\/\/evmap.fr\/en\/#website\",\"url\":\"https:\/\/evmap.fr\/en\/\",\"name\":\"EV MAP\",\"description\":\"Naviguez librement, Rechargez facilement\",\"publisher\":{\"@id\":\"https:\/\/evmap.fr\/en\/#organization\"},\"potentialAction\":[{\"@type\":\"SearchAction\",\"target\":{\"@type\":\"EntryPoint\",\"urlTemplate\":\"https:\/\/evmap.fr\/en\/?s={search_term_string}\"},\"query-input\":{\"@type\":\"PropertyValueSpecification\",\"valueRequired\":true,\"valueName\":\"search_term_string\"}}],\"inLanguage\":\"en-US\"},{\"@type\":\"Organization\",\"@id\":\"https:\/\/evmap.fr\/en\/#organization\",\"name\":\"EV MAP\",\"url\":\"https:\/\/evmap.fr\/en\/\",\"logo\":{\"@type\":\"ImageObject\",\"inLanguage\":\"en-US\",\"@id\":\"https:\/\/evmap.fr\/en\/#\/schema\/logo\/image\/\",\"url\":\"https:\/\/evmap.fr\/wp-content\/uploads\/2024\/05\/evmap-logo.png\",\"contentUrl\":\"https:\/\/evmap.fr\/wp-content\/uploads\/2024\/05\/evmap-logo.png\",\"width\":801,\"height\":913,\"caption\":\"EV MAP\"},\"image\":{\"@id\":\"https:\/\/evmap.fr\/en\/#\/schema\/logo\/image\/\"},\"sameAs\":[\"https:\/\/www.linkedin.com\/company\/100373353\/admin\/dashboard\/\"]}]}<\/script>\n<!-- \/ Yoast SEO plugin. -->","yoast_head_json":{"title":"Frequently asked questions - EVMAP","robots":{"index":"index","follow":"follow","max-snippet":"max-snippet:-1","max-image-preview":"max-image-preview:large","max-video-preview":"max-video-preview:-1"},"canonical":"https:\/\/evmap.fr\/en\/frequently-asked-questions\/","og_locale":"en_US","og_type":"article","og_title":"Frequently asked questions - EVMAP","og_description":"Frequently asked questions Foire aux questions Application Comment t\u00e9l\u00e9charger et installer l&#8217;application EV MAP ?T\u00e9l\u00e9chargez l&#8217;application depuis l&#8217;App Store ou Google Play en recherchant &#8220;EV MAP&#8221;. Puis-je surveiller l&#8217;\u00e9tat de ma borne de recharge \u00e0 distance ?Oui, l&#8217;application vous permet de surveiller en temps r\u00e9el l&#8217;\u00e9tat de votre borne de recharge, de consulter les historiques [&hellip;]","og_url":"https:\/\/evmap.fr\/en\/frequently-asked-questions\/","og_site_name":"EVMAP","article_publisher":"https:\/\/www.linkedin.com\/company\/100373353\/admin\/dashboard\/","article_modified_time":"2024-08-29T13:28:00+00:00","twitter_card":"summary_large_image","twitter_misc":{"Est. reading time":"7 minutes"},"schema":{"@context":"https:\/\/schema.org","@graph":[{"@type":"WebPage","@id":"https:\/\/evmap.fr\/en\/frequently-asked-questions\/","url":"https:\/\/evmap.fr\/en\/frequently-asked-questions\/","name":"Frequently asked questions - EVMAP","isPartOf":{"@id":"https:\/\/evmap.fr\/en\/#website"},"datePublished":"2024-07-22T09:46:52+00:00","dateModified":"2024-08-29T13:28:00+00:00","breadcrumb":{"@id":"https:\/\/evmap.fr\/en\/frequently-asked-questions\/#breadcrumb"},"inLanguage":"en-US","potentialAction":[{"@type":"ReadAction","target":["https:\/\/evmap.fr\/en\/frequently-asked-questions\/"]}]},{"@type":"BreadcrumbList","@id":"https:\/\/evmap.fr\/en\/frequently-asked-questions\/#breadcrumb","itemListElement":[{"@type":"ListItem","position":1,"name":"Accueil","item":"https:\/\/evmap.fr\/en\/"},{"@type":"ListItem","position":2,"name":"Frequently asked questions"}]},{"@type":"WebSite","@id":"https:\/\/evmap.fr\/en\/#website","url":"https:\/\/evmap.fr\/en\/","name":"EV MAP","description":"Naviguez librement, Rechargez facilement","publisher":{"@id":"https:\/\/evmap.fr\/en\/#organization"},"potentialAction":[{"@type":"SearchAction","target":{"@type":"EntryPoint","urlTemplate":"https:\/\/evmap.fr\/en\/?s={search_term_string}"},"query-input":{"@type":"PropertyValueSpecification","valueRequired":true,"valueName":"search_term_string"}}],"inLanguage":"en-US"},{"@type":"Organization","@id":"https:\/\/evmap.fr\/en\/#organization","name":"EV MAP","url":"https:\/\/evmap.fr\/en\/","logo":{"@type":"ImageObject","inLanguage":"en-US","@id":"https:\/\/evmap.fr\/en\/#\/schema\/logo\/image\/","url":"https:\/\/evmap.fr\/wp-content\/uploads\/2024\/05\/evmap-logo.png","contentUrl":"https:\/\/evmap.fr\/wp-content\/uploads\/2024\/05\/evmap-logo.png","width":801,"height":913,"caption":"EV MAP"},"image":{"@id":"https:\/\/evmap.fr\/en\/#\/schema\/logo\/image\/"},"sameAs":["https:\/\/www.linkedin.com\/company\/100373353\/admin\/dashboard\/"]}]}},"_links":{"self":[{"href":"https:\/\/evmap.fr\/en\/wp-json\/wp\/v2\/pages\/5418","targetHints":{"allow":["GET"]}}],"collection":[{"href":"https:\/\/evmap.fr\/en\/wp-json\/wp\/v2\/pages"}],"about":[{"href":"https:\/\/evmap.fr\/en\/wp-json\/wp\/v2\/types\/page"}],"author":[{"embeddable":true,"href":"https:\/\/evmap.fr\/en\/wp-json\/wp\/v2\/users\/1"}],"replies":[{"embeddable":true,"href":"https:\/\/evmap.fr\/en\/wp-json\/wp\/v2\/comments?post=5418"}],"version-history":[{"count":3,"href":"https:\/\/evmap.fr\/en\/wp-json\/wp\/v2\/pages\/5418\/revisions"}],"predecessor-version":[{"id":5421,"href":"https:\/\/evmap.fr\/en\/wp-json\/wp\/v2\/pages\/5418\/revisions\/5421"}],"wp:attachment":[{"href":"https:\/\/evmap.fr\/en\/wp-json\/wp\/v2\/media?parent=5418"}],"curies":[{"name":"wp","href":"https:\/\/api.w.org\/{rel}","templated":true}]}}